{"id":1318,"date":"2023-06-19T10:02:49","date_gmt":"2023-06-19T10:02:49","guid":{"rendered":"https:\/\/magic-farm.eu\/?page_id=1318"},"modified":"2024-11-12T14:11:10","modified_gmt":"2024-11-12T12:11:10","slug":"about-us","status":"publish","type":"page","link":"https:\/\/magic-farm.eu\/sl\/about-us\/","title":{"rendered":"Magic Farm Growshop and Headshop About us"},"content":{"rendered":"<div class=\"wp-block-group alignwide\"><div class=\"wp-block-group__inner-container is-layout-constrained wp-block-group-is-layout-constrained\">\n<h2 class=\"wp-block-heading has-text-align-center\">O nas<\/h2>\n\n\n\n<div style=\"height:20px\" aria-hidden=\"true\" class=\"wp-block-spacer\"><\/div>\n\n\n\n<div class=\"wp-block-columns is-not-stacked-on-mobile is-layout-flex wp-container-core-columns-is-layout-28f84493 wp-block-columns-is-layout-flex\">\n<div class=\"wp-block-column is-vertically-aligned-center is-layout-flow wp-block-column-is-layout-flow\">\n<div style=\"height:20px\" aria-hidden=\"true\" class=\"wp-block-spacer\"><\/div>\n\n\n\n<p class=\"has-text-align-center\">Pri <a href=\"https:\/\/magic-farm.eu\/sl\/\" title=\"\">Magic Farm <\/a>Grow Shop in Head shop smo strastni glede zagotavljanja najbolj\u0161e izbire izdelkov in virov za vse va\u0161e vrtnarske potrebe - zunanje in notranje. Prizadevamo si, da bi navdu\u0161encem nad rastlinami omogo\u010dili znanje in orodja, potrebna za doseganje izjemnih rezultatov.<\/p>\n\n\n\n<p class=\"has-text-align-center\">Verjamemo v trajnostne in okolju prijazne prakse vrtnarjenja. Zato ponujamo \u0161irok izbor organskih in naravnih izdelkov, ki vam pomagajo gojiti rastline na okolju in zdravju prijazen na\u010din. Na\u0161a ekipa strokovnih in prijaznih sodelavcev je vedno na voljo za strokovno svetovanje, odgovarjanje na va\u0161a vpra\u0161anja in vodenje skozi vsak korak va\u0161e vrtnarske poti.<\/p>\n<\/div>\n<\/div>\n<\/div><\/div>\n\n\n\n<div class=\"wp-block-cover alignfull is-light\" style=\"min-height:50px;aspect-ratio:unset;\"><span aria-hidden=\"true\" class=\"wp-block-cover__background has-color-5-background-color has-background-dim-100 has-background-dim\"><\/span><div class=\"wp-block-cover__inner-container is-layout-flow wp-block-cover-is-layout-flow\">\n<div class=\"wp-block-group alignwide\"><div class=\"wp-block-group__inner-container is-layout-constrained wp-block-group-is-layout-constrained\">\n<div class=\"wp-block-columns is-layout-flex wp-container-core-columns-is-layout-28f84493 wp-block-columns-is-layout-flex\">\n<div class=\"wp-block-column is-vertically-aligned-center is-layout-flow wp-block-column-is-layout-flow\">\n<p class=\"has-text-align-center\"><strong><a href=\"https:\/\/magic-farm.eu\/sl\/\" title=\"\">Magic Farm<\/a><\/strong> | Kogler EX d.o.o.<br>Cesta ob gramoznici 17A<br>2204 Miklav\u017e na Dravskem polju<br>ID: 5821509000<br>IBAN: SI56 1010 0006 0059 291<\/p>\n<\/div>\n<\/div>\n<\/div><\/div>\n<\/div><\/div>\n\n\n\n<p><\/p>","protected":false},"excerpt":{"rendered":"<p>About us At Magic Farm Growshop and Headshop we are passionate about providing the finest selection of products and resources for all your indoor and outdoor gardening needs. As a [&hellip;]<\/p>\n","protected":false},"author":1,"featured_media":0,"parent":0,"menu_order":0,"comment_status":"closed","ping_status":"closed","template":"","meta":{"_monsterinsights_skip_tracking":false,"_monsterinsights_sitenote_active":false,"_monsterinsights_sitenote_note":"","_monsterinsights_sitenote_category":0,"_uf_show_specific_survey":0,"_uf_disable_surveys":false,"footnotes":""},"class_list":["post-1318","page","type-page","status-publish","hentry"],"_links":{"self":[{"href":"https:\/\/magic-farm.eu\/sl\/wp-json\/wp\/v2\/pages\/1318","targetHints":{"allow":["GET"]}}],"collection":[{"href":"https:\/\/magic-farm.eu\/sl\/wp-json\/wp\/v2\/pages"}],"about":[{"href":"https:\/\/magic-farm.eu\/sl\/wp-json\/wp\/v2\/types\/page"}],"author":[{"embeddable":true,"href":"https:\/\/magic-farm.eu\/sl\/wp-json\/wp\/v2\/users\/1"}],"replies":[{"embeddable":true,"href":"https:\/\/magic-farm.eu\/sl\/wp-json\/wp\/v2\/comments?post=1318"}],"version-history":[{"count":42,"href":"https:\/\/magic-farm.eu\/sl\/wp-json\/wp\/v2\/pages\/1318\/revisions"}],"predecessor-version":[{"id":4705,"href":"https:\/\/magic-farm.eu\/sl\/wp-json\/wp\/v2\/pages\/1318\/revisions\/4705"}],"wp:attachment":[{"href":"https:\/\/magic-farm.eu\/sl\/wp-json\/wp\/v2\/media?parent=1318"}],"curies":[{"name":"wp","href":"https:\/\/api.w.org\/{rel}","templated":true}]}}