{"id":1579,"date":"2023-06-30T13:00:49","date_gmt":"2023-06-30T13:00:49","guid":{"rendered":"https:\/\/magic-farm.eu\/?post_type=product&#038;p=1579"},"modified":"2025-10-08T10:50:30","modified_gmt":"2025-10-08T08:50:30","slug":"athena-pro-grow","status":"publish","type":"product","link":"https:\/\/magic-farm.eu\/sl\/izdelek\/athena-pro-grow\/","title":{"rendered":"Athena Pro Grow"},"content":{"rendered":"<h2>V fazi vegetativne rasti potrebuje dobro zaokro\u017eeno hranjenje, da vzpostavi mo\u010dne korenine in bujno listje<\/h2>\n<p>Faza vegetativne rasti zahteva dobro zaokro\u017eeno hranjenje, da vzpostavi mo\u010dne korenine in bujno listje. Athena pro grow je uravnote\u017eena me\u0161anica topnih gnojil, oblikovana za komercialne pridelovalce za optimizacijo namakanja. Za uporabo z Athena Pro Core za popoln in uravnote\u017een recept.<\/p>\n<ul>\n<li>Uravnote\u017een NPK in bistveni elementi v sledovih (pri uporabi s Pro Core)<\/li>\n<li>Popolnoma topno suho gnojilo, brez delcev ali usedlin<\/li>\n<li>Deluje s katerimkoli dozirnim sistemom: Dosatron, Netaflex, Rhythm<\/li>\n<li>Pri sobni temperaturi se popolnoma zme\u0161a<\/li>\n<li>Nizka vsebnost te\u017ekih kovin<\/li>\n<\/ul>\n<h3>Idealen za me\u0161alne posode in zdru\u017eljiv z vsemi dozirnimi sistemi.<\/h3>\n<p>Ta me\u0161anica grobega mletja je 100 % topna in ne ma\u0161i namakalnih sistemov ali pu\u0161\u010da usedlin v rezervoarjih.<\/p>\n<ul>\n<li>Ne priporo\u010damo me\u0161anja Pro Line v majhnih koli\u010dinah neposredno v rezervoarju. Raje bi najprej spremenili linijo Pro v koncentrirano teko\u010dino in nato to teko\u010dino uporabili za me\u0161anje \u0161ar\u017enih rezervoarjev.<\/li>\n<\/ul>\n<p><strong>Faze priprave hranil<\/strong>:<\/p>\n<ol>\n<li>Pridobite merilno posodo z natan\u010dnimi oznakami galon.<\/li>\n<li>Napolnite polovico rezervoarja z vodo.<\/li>\n<li>Zrnca med stresanjem po\u010dasi vlijemo v vodo, nato dobro preme\u0161amo, da se raztopijo.<\/li>\n<li>Dodajte ve\u010d vode, dokler ne dose\u017eete natan\u010dno oznake 12,5 galon.<\/li>\n<li>Mo\u010dno me\u0161ajte, dokler se vsa zrnca ne raztopijo.<\/li>\n<\/ol>\n<p><strong>TANK ZA \u0160AR\u017dE<\/strong>:<\/p>\n<ul>\n<li>S tabelo priporo\u010denih 2 funtov na galono dolo\u010dite ml na galono, da dose\u017eete \u017eeleno EC.<\/li>\n<\/ul>\n<p><strong>Sestavine<\/strong>:<\/p>\n<ul>\n<li>kalijev fosfat, kalijev nitrat, kalijev sulfat, magnezijev sulfat, \u017eelezov DTPA<\/li>\n<\/ul>\n<p><a href=\"https:\/\/support.athenaag.com\/hc\/en-us\/sections\/17294658045083-Pro-Line\">Pro Line \u2013 Athena (athenaag.com)<\/a><\/p>\n<p><a href=\"https:\/\/magic-farm.eu\/sl\/kategorija-izdelka\/shop\/nutrients-regulators\/plant-nutrients\/?manufacturer=athena\">Plant nutrients &#8211; Magic Farm (magic-farm.eu)<\/a><\/p>","protected":false},"excerpt":{"rendered":"<p>Faza vegetativne rasti zahteva dobro zaokro\u017eeno hranjenje, da vzpostavi mo\u010dne korenine in bujno listje. Athena Pro Grow je uravnote\u017eena me\u0161anica topnih gnojil.<\/p>","protected":false},"featured_media":1582,"template":"","meta":{"_monsterinsights_skip_tracking":false,"_monsterinsights_sitenote_active":false,"_monsterinsights_sitenote_note":"","_monsterinsights_sitenote_category":0,"_uf_show_specific_survey":0,"_uf_disable_surveys":false},"product_brand":[751],"product_cat":[56,58,46],"product_tag":[225,231,244],"class_list":{"0":"post-1579","1":"product","2":"type-product","3":"status-publish","4":"has-post-thumbnail","6":"product_brand-athena","7":"product_cat-nutrients-regulators","8":"product_cat-plant-nutrients","9":"product_cat-special-offers","10":"product_tag-athena","11":"product_tag-nutrients","12":"product_tag-pro","14":"first","15":"instock","16":"taxable","17":"shipping-taxable","18":"purchasable","19":"product-type-variable"},"_links":{"self":[{"href":"https:\/\/magic-farm.eu\/sl\/wp-json\/wp\/v2\/product\/1579","targetHints":{"allow":["GET"]}}],"collection":[{"href":"https:\/\/magic-farm.eu\/sl\/wp-json\/wp\/v2\/product"}],"about":[{"href":"https:\/\/magic-farm.eu\/sl\/wp-json\/wp\/v2\/types\/product"}],"wp:featuredmedia":[{"embeddable":true,"href":"https:\/\/magic-farm.eu\/sl\/wp-json\/wp\/v2\/media\/1582"}],"wp:attachment":[{"href":"https:\/\/magic-farm.eu\/sl\/wp-json\/wp\/v2\/media?parent=1579"}],"wp:term":[{"taxonomy":"product_brand","embeddable":true,"href":"https:\/\/magic-farm.eu\/sl\/wp-json\/wp\/v2\/product_brand?post=1579"},{"taxonomy":"product_cat","embeddable":true,"href":"https:\/\/magic-farm.eu\/sl\/wp-json\/wp\/v2\/product_cat?post=1579"},{"taxonomy":"product_tag","embeddable":true,"href":"https:\/\/magic-farm.eu\/sl\/wp-json\/wp\/v2\/product_tag?post=1579"}],"curies":[{"name":"wp","href":"https:\/\/api.w.org\/{rel}","templated":true}]}}