{"id":1603,"date":"2023-07-01T13:18:45","date_gmt":"2023-07-01T13:18:45","guid":{"rendered":"https:\/\/magic-farm.eu\/?post_type=product&#038;p=1603"},"modified":"2024-11-13T17:47:11","modified_gmt":"2024-11-13T15:47:11","slug":"advanced-nutrients-connoisseur-coco-grow","status":"publish","type":"product","link":"https:\/\/magic-farm.eu\/sl\/izdelek\/advanced-nutrients-connoisseur-coco-grow\/","title":{"rendered":"Advanced Nutrients Connoisseur Coco Grow"},"content":{"rendered":"<h1>Advanced Nutrients Connoisseur Coco Grow<\/h1>\n<h2>Connoisseur Coco Grow : Formulated for master coco coir growers!<\/h2>\n<p>Connoisseur Coco Grow:<\/p>\n<p>Izklju\u010dno za strokovnjake: edino ultra vrhunsko 2-delno osnovno hranilo v fazi rasti, edinstveno formulirano za mojstre pridelovalce v kokosovih vlaknih!<\/p>\n<p class=\"translation-block\">\u010ce ste \u017ee vrhunski pridelovalec, ki je \u017ee izkoristil potencial svojega trenutnega programa hranjenja s svojim vrtom iz kokosovih vlaken \u2013 in \u010de si po vsem tem uspehu \u0161e vedno \u017eelite \u0161e ve\u010d donosa \u2013 potem <strong>pH Perfect Connoisseur Coco Grow,<\/strong> je za vas. To je vodilna formulacija z naprednimi hranilnimi snovmi, ki je zdaj posebej izbolj\u0161ana za kokosova vlakna. Pri pridobivanju samo najmo\u010dnej\u0161ih sestavin, ki bodo va\u0161e pridelke zagotovo pognale v njihovo najproduktivnej\u0161o mo\u017eno fazo rasti rastlin, nismo var\u010devali s stro\u0161ki. Ta formula svetovnega razreda vsebuje manjkajo\u010di \u010dlen do odli\u010dnega gojenja v kokosovih vlaknih \u2013 specializirane oblike \u017eeleza. In \u010de to ni dovolj, lahko zavr\u017eete pH-metre in peresnike, saj tehnologija pH Perfect samodejno ohranja pH na \"sladki to\u010dki\" vsak teden va\u0161e rasti. Bistvo: \u010de imate ve\u0161\u010dine, ima pH Perfect Connoisseur Coco Grow mo\u010d, da va\u0161e rastline dose\u017eejo svoj polni genetski potencial.<\/p>\n<p>&nbsp;<\/p>\n<p><strong>Zagotovljena analiza za del A<\/strong><\/p>\n<p>Skupni du\u0161ik (N) \u2013 4%<\/p>\n<p>3,5 % nitratni du\u0161ik<\/p>\n<p>0,5 % drugega du\u0161ika, topnega v vodi<\/p>\n<p>Kalcij (Ca) \u2013 3.3%<\/p>\n<p>3.3 % vodotopnega kalcija (Ca)<\/p>\n<p>Magnezij (Mg) \u2013 0,7%<\/p>\n<p>0,7 % vodotopnega magnezija (Mg)<\/p>\n<p>\u017delezo (Fe) \u2013 0,1%<\/p>\n<p>0,1 % kelatnega \u017eeleza (Fe)<\/p>\n<p>Mangan (Mn) \u2013 0,05%<\/p>\n<p>0,005 % keliranega mangana (Mn)<\/p>\n<p>Molibden (Mo) \u2013 0,004%<\/p>\n<p>&nbsp;<\/p>\n<p><strong>Zagotovljena analiza za del B<\/strong><\/p>\n<p>Skupni du\u0161ik (N) \u2013 1%<\/p>\n<p>0,05 % amonijskega du\u0161ika<\/p>\n<p>0,5 % nitratni du\u0161ik<\/p>\n<p>0,45 % se\u010dninski du\u0161ik<\/p>\n<p>Razpolo\u017eljivi fosfat (P2O5) \u2013 2%<\/p>\n<p>Topna pepelika (K2O) \u2013 4%<\/p>\n<p>\u017dveplo (S) \u2013 0,8%<\/p>\n<p>&nbsp;<\/p>\n<p><strong>Navodila:<\/strong><\/p>\n<p>Uporabite 4 ml na liter v vseh tednih faze rasti. Uporabite 2 ml na liter za majhne rastline s 3 do 4 sklopi listov. Za potaknjence in semena uporabite 1 ml na liter. Pred uporabo dobro pretresite. Napolnite rezervoar z vodo, dodajte del A in dobro preme\u0161ajte, nato dodajte del B.<\/p>\n<p>To je 2-delno gnojilo. Da bi dobili vseh 5 prednosti v 1 (tehnologija pH Perfect, vla\u017eilno sredstvo, huminska kislina, kompleksi aminokislin, esencialna hranila), je treba uporabiti del A in B.<\/p>\n<p>Advanced Nutrients Connoisseur Coco Grow feeding chart:<\/p>\n<p><a href=\"https:\/\/www.advancednutrients.com\/feed-charts\/pH_Perfect_Connoisseur_Grow_and_Bloom-GLOBAL.pdf\">https:\/\/www.advancednutrients.com\/feed-charts\/pH_Perfect_Connoisseur_Grow_and_Bloom-GLOBAL.pdf<\/a><\/p>\n<p><a href=\"https:\/\/magic-farm.eu\/sl\/kategorija-izdelka\/shop\/nutrients-regulators\/plant-nutrients\/?manufacturer=advanced-nutrients\">https:\/\/magic-farm.eu\/en\/product-category\/shop\/nutrients-regulators\/plant-nutrients\/?manufacturer=advanced-nutrients<\/a><\/p>","protected":false},"excerpt":{"rendered":"<h2>Connoisseur Coco Grow : Formulated for master coco coir growers!<\/h2>\n<p>&nbsp;<\/p>\n<p>&nbsp;<\/p>","protected":false},"featured_media":1604,"template":"","meta":{"_monsterinsights_skip_tracking":false,"_monsterinsights_sitenote_active":false,"_monsterinsights_sitenote_note":"","_monsterinsights_sitenote_category":0,"_uf_show_specific_survey":0,"_uf_disable_surveys":false},"product_brand":[],"product_cat":[56,58],"product_tag":[246,249,235],"class_list":{"0":"post-1603","1":"product","2":"type-product","3":"status-publish","4":"has-post-thumbnail","6":"product_cat-nutrients-regulators","7":"product_cat-plant-nutrients","8":"product_tag-advanced-nutrients","9":"product_tag-coco","10":"product_tag-grow","12":"first","13":"instock","14":"taxable","15":"shipping-taxable","16":"purchasable","17":"product-type-variable"},"_links":{"self":[{"href":"https:\/\/magic-farm.eu\/sl\/wp-json\/wp\/v2\/product\/1603","targetHints":{"allow":["GET"]}}],"collection":[{"href":"https:\/\/magic-farm.eu\/sl\/wp-json\/wp\/v2\/product"}],"about":[{"href":"https:\/\/magic-farm.eu\/sl\/wp-json\/wp\/v2\/types\/product"}],"wp:featuredmedia":[{"embeddable":true,"href":"https:\/\/magic-farm.eu\/sl\/wp-json\/wp\/v2\/media\/1604"}],"wp:attachment":[{"href":"https:\/\/magic-farm.eu\/sl\/wp-json\/wp\/v2\/media?parent=1603"}],"wp:term":[{"taxonomy":"product_brand","embeddable":true,"href":"https:\/\/magic-farm.eu\/sl\/wp-json\/wp\/v2\/product_brand?post=1603"},{"taxonomy":"product_cat","embeddable":true,"href":"https:\/\/magic-farm.eu\/sl\/wp-json\/wp\/v2\/product_cat?post=1603"},{"taxonomy":"product_tag","embeddable":true,"href":"https:\/\/magic-farm.eu\/sl\/wp-json\/wp\/v2\/product_tag?post=1603"}],"curies":[{"name":"wp","href":"https:\/\/api.w.org\/{rel}","templated":true}]}}