{"id":1630,"date":"2023-07-03T07:16:49","date_gmt":"2023-07-03T07:16:49","guid":{"rendered":"https:\/\/magic-farm.eu\/?post_type=product&#038;p=1630"},"modified":"2024-11-13T17:47:10","modified_gmt":"2024-11-13T15:47:10","slug":"advanced-nutrients-micro-ph-perfect","status":"publish","type":"product","link":"https:\/\/magic-farm.eu\/sl\/izdelek\/advanced-nutrients-micro-ph-perfect\/","title":{"rendered":"Advanced Nutrients Micro pH perfect"},"content":{"rendered":"<h2>Bistveni elementi, ki jih potrebujejo va\u0161e rastline<\/h2>\n<p>&nbsp;<\/p>\n<p>Advanced Nutrients Grow, Micro in Bloom je mogo\u010de kombinirati, da zagotovijo specializirana hranila za rastline v strukturni, listni in cveto\u010di fazi. Formule lahko zme\u0161ate po meri za posebne aplikacije s kombinacijo 3 komponent, da ustrezajo potrebam dolo\u010dene faze rasti va\u0161ih rastlin. Ne pozabite! VEDNO najprej dodajte Micro v svoj rezervoar, nato Bloom in Grow.<\/p>\n<h3>pH Perfect\u00ae Grow-Micro-Bloom \u2013 bujna, mo\u010dna rast iz 3-komponentnih hranil, zasnovanih posebej za va\u0161e rastline<\/h3>\n<p><strong>pH Perfect\u00ae<\/strong><strong>\u00a0Grow, Micro, Bloom i<\/strong>je 3-delni vrhunski trio osnovnih hranil, ki je natan\u010dno oblikovan, da va\u0161im pridelkom visoke vrednosti zagotovi natan\u010dna razmerja in koncentracije hranil, ki jih potrebujejo. Noben konkurent ne ponuja tega celotnega spektra kakovostnih sestavin. Ko se va\u0161e rastline hranijo s pH Perfect Grow, Micro, Bloom, imajo koristi od neprekosljivega nabora aminokislin. Pri\u010da boste tudi osupljivim rezultatom fulvi\u010dne kisline in mo\u010dnega neionskega povr\u0161insko aktivnega sredstva, ki tvorita ve\u010dstopenjsko matriko za dostavo, ki zagotavlja, da va\u0161e rastline absorbirajo vse. In mo\u010dna kelacija zagotavlja, da je vsako hranilo bolj na voljo dragocenim koreninam va\u0161ih rastlin kot kdaj koli prej. In to \u0161e ni vse: tehnologija pH Perfect\u00ae tehnologija deluje 24 ur na dan, da umeri in prilagodi pH namesto vas, tako da vam nikoli ve\u010d ni treba uporabljati merilnikov ali dodajati mo\u010dnih kemikalij za uravnavanje pH.<\/p>","protected":false},"excerpt":{"rendered":"<h2>Bistveni elementi, ki jih potrebujejo va\u0161e rastline<\/h2>\n<p>&nbsp;<\/p>\n<p>Advanced Nutrients Grow, Micro in Bloom je mogo\u010de kombinirati, da zagotovijo specializirana hranila za rastline v strukturni, listni in cveto\u010di fazi. Formule lahko zme\u0161ate po meri za posebne aplikacije s kombinacijo 3 komponent, da ustrezajo potrebam dolo\u010dene faze rasti va\u0161ih rastlin. Ne pozabite! VEDNO najprej dodajte Micro v svoj rezervoar, nato Bloom in Grow.<\/p>","protected":false},"featured_media":1634,"template":"","meta":{"_monsterinsights_skip_tracking":false,"_monsterinsights_sitenote_active":false,"_monsterinsights_sitenote_note":"","_monsterinsights_sitenote_category":0,"_uf_show_specific_survey":0,"_uf_disable_surveys":false},"product_brand":[],"product_cat":[56,58],"product_tag":[246,249,254,255],"class_list":{"0":"post-1630","1":"product","2":"type-product","3":"status-publish","4":"has-post-thumbnail","6":"product_cat-nutrients-regulators","7":"product_cat-plant-nutrients","8":"product_tag-advanced-nutrients","9":"product_tag-coco","10":"product_tag-ph-perfect","11":"product_tag-soil","13":"first","14":"instock","15":"taxable","16":"shipping-taxable","17":"purchasable","18":"product-type-variable"},"_links":{"self":[{"href":"https:\/\/magic-farm.eu\/sl\/wp-json\/wp\/v2\/product\/1630","targetHints":{"allow":["GET"]}}],"collection":[{"href":"https:\/\/magic-farm.eu\/sl\/wp-json\/wp\/v2\/product"}],"about":[{"href":"https:\/\/magic-farm.eu\/sl\/wp-json\/wp\/v2\/types\/product"}],"wp:featuredmedia":[{"embeddable":true,"href":"https:\/\/magic-farm.eu\/sl\/wp-json\/wp\/v2\/media\/1634"}],"wp:attachment":[{"href":"https:\/\/magic-farm.eu\/sl\/wp-json\/wp\/v2\/media?parent=1630"}],"wp:term":[{"taxonomy":"product_brand","embeddable":true,"href":"https:\/\/magic-farm.eu\/sl\/wp-json\/wp\/v2\/product_brand?post=1630"},{"taxonomy":"product_cat","embeddable":true,"href":"https:\/\/magic-farm.eu\/sl\/wp-json\/wp\/v2\/product_cat?post=1630"},{"taxonomy":"product_tag","embeddable":true,"href":"https:\/\/magic-farm.eu\/sl\/wp-json\/wp\/v2\/product_tag?post=1630"}],"curies":[{"name":"wp","href":"https:\/\/api.w.org\/{rel}","templated":true}]}}