{"id":1670,"date":"2023-07-03T08:23:44","date_gmt":"2023-07-03T08:23:44","guid":{"rendered":"https:\/\/magic-farm.eu\/?post_type=product&#038;p=1670"},"modified":"2025-02-14T22:19:52","modified_gmt":"2025-02-14T20:19:52","slug":"advanced-nutrients-sensi-bloom","status":"publish","type":"product","link":"https:\/\/magic-farm.eu\/sl\/izdelek\/advanced-nutrients-sensi-bloom\/","title":{"rendered":"Advanced Nutrients Sensi Bloom part A"},"content":{"rendered":"<h2>Posebej zasnovan za dihotomne obrate za proizvodnjo smole v kratkem \u010dasu<\/h2>\n<p><strong>Advanced Nutrients Sensi Bloom<\/strong>\u00a0je bil posebej zasnovan za dihotomne kratkodnevne obrate za proizvodnjo smole. Sensi Bloom je bil temeljito preizku\u0161en na terenu in to testiranje na terenu je proizvedlo 2-delno hranilo, ki daje dosledno velike pridelke, te dodatne komponente naredijo ogromno razliko v tem, kako bodo va\u0161e rastline cvetele med ciklom cvetenja v primerjavi z drugimi 2-delnimi hranili, ki so na voljo. na dana\u0161njem trgu.<\/p>\n<h3>Poslovite se od pH merilcev in pozdravite svojo najbolj\u0161o letino doslej<\/h3>\n<p>Ste naveli\u010dani vzponov in padcev pH? Ste naveli\u010dani ukvarjanja s pH merilci? Potem imamo dobre novice: na voljo je nova osnovna formula hranil, ki ima vgrajeno varnostno mre\u017eo, za\u0161\u010ditne ograje vzdol\u017e avtoceste pH, ki bo popolnoma vzdr\u017eevala va\u0161 pH brez kakr\u0161nega koli dela z va\u0161e strani. To bo po\u010del 24 ur na dan, 7 dni v tednu. To pomeni, da ni ve\u010d dvigov ali padcev pH. In vse, kar morate storiti, je, da ga vlijete.<\/p>\n<p>Toda po\u010dakaj, \u0161e ve\u010d je! Pravzaprav gre za 5 razli\u010dnih vrhunskih izdelkov v 1 stekleni\u010dki. Kar pomeni, da boste ob nakupu te posebne nove formule prihranili na stotine dolarjev na mesec.<\/p>\n<p>Pomislite\u2026 ni\u010d ve\u010d pH merilcev, ki so sami po sebi dragi. Prav tako vam ne bo treba porabiti ve\u010d denarja ali \u010dasa za umerjanje teh merilcev. Najbolj zanimivo pa je, da boste brezpla\u010dno prejeli tudi najbolj\u0161o povr\u0161insko aktivno snov na svetu, fulvate, humate in aminokisline! Preberite, \u010de \u017eelite izvedeti, kako ...<\/p>\n<h3><strong>\u00a0Formula se imenuje pH Perfect Sensi Grow and Bloom A &amp; B od Advanced Nutrients<\/strong><\/h3>\n<p>Sensi-Grow\/Bloom A &amp; B je dvodelna osnovna hranilna formula, ki je sme\u0161no enostavna za uporabo. Samo izmerite dva dela v skladu z navodili za me\u0161anje na steklenici in voil\u00e0. Lahko nadaljuje\u0161 s svojim \u017eivljenjem. In ker Sensi-Grow\/Bloom A&amp;B vklju\u010duje tehnologijo pH Perfect, bo va\u0161 pH nenehno vzdr\u017eevan na popolni ravni za optimalno rast.<\/p>\n<p><a href=\"https:\/\/www.advancednutrients.com\/feeding\/\">Advanced Nutrients Feed Charts<\/a><\/p>\n<p><a href=\"https:\/\/magic-farm.eu\/sl\/kategorija-izdelka\/shop\/nutrients-regulators\/plant-nutrients\/?manufacturer=advanced-nutrients\">Plant nutrients &#8211; Magic Farm (magic-farm.eu)<\/a><\/p>","protected":false},"excerpt":{"rendered":"<p><strong>Advanced Nutrients Sensi Bloom<\/strong> has been specifically designed for dichotomous short day resin producing plants.<\/p>","protected":false},"featured_media":2986,"template":"","meta":{"_monsterinsights_skip_tracking":false,"_monsterinsights_sitenote_active":false,"_monsterinsights_sitenote_note":"","_monsterinsights_sitenote_category":0,"_uf_show_specific_survey":0,"_uf_disable_surveys":false},"product_brand":[],"product_cat":[56,58],"product_tag":[246,233,597],"class_list":{"0":"post-1670","1":"product","2":"type-product","3":"status-publish","4":"has-post-thumbnail","6":"product_cat-nutrients-regulators","7":"product_cat-plant-nutrients","8":"product_tag-advanced-nutrients","9":"product_tag-bloom","10":"product_tag-sensi-bloom","12":"first","13":"instock","14":"taxable","15":"shipping-taxable","16":"purchasable","17":"product-type-variable"},"_links":{"self":[{"href":"https:\/\/magic-farm.eu\/sl\/wp-json\/wp\/v2\/product\/1670","targetHints":{"allow":["GET"]}}],"collection":[{"href":"https:\/\/magic-farm.eu\/sl\/wp-json\/wp\/v2\/product"}],"about":[{"href":"https:\/\/magic-farm.eu\/sl\/wp-json\/wp\/v2\/types\/product"}],"wp:featuredmedia":[{"embeddable":true,"href":"https:\/\/magic-farm.eu\/sl\/wp-json\/wp\/v2\/media\/2986"}],"wp:attachment":[{"href":"https:\/\/magic-farm.eu\/sl\/wp-json\/wp\/v2\/media?parent=1670"}],"wp:term":[{"taxonomy":"product_brand","embeddable":true,"href":"https:\/\/magic-farm.eu\/sl\/wp-json\/wp\/v2\/product_brand?post=1670"},{"taxonomy":"product_cat","embeddable":true,"href":"https:\/\/magic-farm.eu\/sl\/wp-json\/wp\/v2\/product_cat?post=1670"},{"taxonomy":"product_tag","embeddable":true,"href":"https:\/\/magic-farm.eu\/sl\/wp-json\/wp\/v2\/product_tag?post=1670"}],"curies":[{"name":"wp","href":"https:\/\/api.w.org\/{rel}","templated":true}]}}