{"id":1676,"date":"2023-07-03T08:32:33","date_gmt":"2023-07-03T08:32:33","guid":{"rendered":"https:\/\/magic-farm.eu\/?post_type=product&#038;p=1676"},"modified":"2025-12-23T15:15:31","modified_gmt":"2025-12-23T13:15:31","slug":"advanced-nutrients-rhino-skin","status":"publish","type":"product","link":"https:\/\/magic-farm.eu\/sl\/izdelek\/advanced-nutrients-rhino-skin\/","title":{"rendered":"Advanced Nutrients Rhino Skin"},"content":{"rendered":"<h2>Rhino Skin pove\u010da togost celi\u010dnih sten in naredi stebla va\u0161ih rastlin bolj toga<\/h2>\n<p><strong>Advanced Nutrients &#8211; Rhino Skin:<\/strong>\u00a0Trden kot \u017eebelj in tudi ve\u010d cvetli\u010dne mo\u010di. Dajte svojim rastlinam Rhino Skin, da pove\u010date togost celi\u010dnih sten in naredite stebla rastlin bolj toga. Rhino Skin oskrbuje rastline s silicijem za izgradnjo celic, zaradi \u010desar so celi\u010dne stene trdnej\u0161e. Uporabite Rhino Skin od za\u010detka do konca in si oglejte ve\u010djo vrednost va\u0161ih \u017eetev.<\/p>\n<h3 id=\"custom-title-h1-1\" class=\"ui--animation\">Za\u0161\u010ditite svojo nalo\u017ebo v hidroponiko tako, da svoje rastline prekrijete takoj zdaj!<\/h3>\n<div class=\"auto-format ui--animation\">\n<p>Ta element je silicijev dioksid, ki je drugi najpogostej\u0161i element v zemeljski skorji (kisik je najbolj raz\u0161irjen), a uganite kaj? V hidroponskih koreninskih conah in gnojilih manjka silicijev dioksid.<\/p>\n<p>To je razlog za skrb, saj va\u0161e rastline nujno potrebujejo silicijev dioksid. Razvili so se tako, da ga zau\u017eijejo, tako da postane del njihovih celi\u010dnih sten.<\/p>\n<p>To je pomembno, ker so celice gradniki va\u0161ih rastlin, celi\u010dne stene pa so strukturne zna\u010dilnosti, ki dolo\u010dajo mo\u010d stebel, listov, cvetov, cvetnih struktur in metabolizma va\u0161ih rastlin.<\/p>\n<p>Ne samo, da va\u0161e rastline kopi\u010dijo silicij za gradnjo svojih celic, ampak ga tudi shranijo kot temeljno podporo med celicami.<\/p>\n<p>Pravzaprav va\u0161e rastline vsebujejo kar 10 % svoje te\u017ee silicijevega dioksida.<\/p>\n<p>Vendar obstaja ulov \u2013 kremena sploh ni v ve\u010dini hidroponskih gnojil ali medijev za koreninske cone, in tudi \u010de je, obi\u010dajno ni prava vrsta ali koli\u010dina silicijevega dioksida, da bi pove\u010dali prednosti silicijevega dioksida<\/p>\n<p><a href=\"https:\/\/www.advancednutrients.com\/feeding\/\">Advanced Nutrients Feed Charts<\/a><\/p>\n<p><a href=\"https:\/\/magic-farm.eu\/sl\/kategorija-izdelka\/shop\/nutrients-regulators\/plant-nutrients\/?manufacturer=advanced-nutrients\">Plant nutrients &#8211; Magic Farm (magic-farm.eu)<\/a><\/p>\n<\/div>","protected":false},"excerpt":{"rendered":"<p>Tough as Nails, and More Floral Potency Too. Give your plants Rhino Skin to increase the rigidity of cell walls and making your plants stalks more rigid.<\/p>","protected":false},"featured_media":1682,"template":"","meta":{"_monsterinsights_skip_tracking":false,"_monsterinsights_sitenote_active":false,"_monsterinsights_sitenote_note":"","_monsterinsights_sitenote_category":0,"_uf_show_specific_survey":0,"_uf_disable_surveys":false},"product_brand":[],"product_cat":[56,58],"product_tag":[246,256],"class_list":{"0":"post-1676","1":"product","2":"type-product","3":"status-publish","4":"has-post-thumbnail","6":"product_cat-nutrients-regulators","7":"product_cat-plant-nutrients","8":"product_tag-advanced-nutrients","9":"product_tag-silica","11":"first","12":"instock","13":"taxable","14":"shipping-taxable","15":"purchasable","16":"product-type-variable"},"_links":{"self":[{"href":"https:\/\/magic-farm.eu\/sl\/wp-json\/wp\/v2\/product\/1676","targetHints":{"allow":["GET"]}}],"collection":[{"href":"https:\/\/magic-farm.eu\/sl\/wp-json\/wp\/v2\/product"}],"about":[{"href":"https:\/\/magic-farm.eu\/sl\/wp-json\/wp\/v2\/types\/product"}],"wp:featuredmedia":[{"embeddable":true,"href":"https:\/\/magic-farm.eu\/sl\/wp-json\/wp\/v2\/media\/1682"}],"wp:attachment":[{"href":"https:\/\/magic-farm.eu\/sl\/wp-json\/wp\/v2\/media?parent=1676"}],"wp:term":[{"taxonomy":"product_brand","embeddable":true,"href":"https:\/\/magic-farm.eu\/sl\/wp-json\/wp\/v2\/product_brand?post=1676"},{"taxonomy":"product_cat","embeddable":true,"href":"https:\/\/magic-farm.eu\/sl\/wp-json\/wp\/v2\/product_cat?post=1676"},{"taxonomy":"product_tag","embeddable":true,"href":"https:\/\/magic-farm.eu\/sl\/wp-json\/wp\/v2\/product_tag?post=1676"}],"curies":[{"name":"wp","href":"https:\/\/api.w.org\/{rel}","templated":true}]}}