{"id":1923,"date":"2023-07-12T11:29:22","date_gmt":"2023-07-12T11:29:22","guid":{"rendered":"https:\/\/magic-farm.eu\/?post_type=product&#038;p=1923"},"modified":"2023-09-05T10:54:37","modified_gmt":"2023-09-05T08:54:37","slug":"aquaking-pump-action-spray","status":"publish","type":"product","link":"https:\/\/magic-farm.eu\/sl\/izdelek\/aquaking-pump-action-spray\/","title":{"rendered":"Aquaking \u0161kropilnica"},"content":{"rendered":"<p>Dobra \u0161kropilnica je neprecenljiv kos opreme v prostoru za gojenje. Aquaking vam olaj\u0161a nana\u0161anje listnih krm in izdelkov za zatiranje \u0161kodljivcev\/bolezni na va\u0161e rastline.<\/p>\n<ul>\n<li>Komercialni razred<\/li>\n<li>Pr\u0161ilna cev za la\u017ejo uporabo<\/li>\n<li>Nastavljiva razpr\u0161ilna \u0161oba \u2013 od koncentriranega curka do fine meglice<\/li>\n<li>Opremljen z ventilom za sprostitev tlaka<\/li>\n<li>Zaklep spro\u017eilca za neprekinjeno pr\u0161enje<\/li>\n<li>Mo\u010dan ramenski trak za prena\u0161anje (3 litre in ve\u010d)<\/li>\n<li>\u010crte polnitve za natan\u010dnost pri odmerjanju hranil\/pesticidov<\/li>\n<li>Na voljo v 3 velikostih: 2 l, 3 l, 5 l<\/li>\n<\/ul>\n<h3>HOW THE PUMP ACTION SPRAY BOTTLE WORKS<\/h3>\n<p>Zgornji \u0161kropilnice s tla\u010dnim batom se odvije, tako da lahko napolnite steklenico in me\u0161ate foliarna hranila ali raztopino za zatiranje \u0161kodljivcev, ne da bi potrebovali lo\u010deno posodo. \u0160oba je nastavljiva od zaustavitve do finega pr\u0161enja do curka in vsega vmes. Ko je plastenka polna do polnilne linije, se bat ve\u010dkrat dvigne in pritisne navzdol, kar ustvari pritisk v notranjosti. Paziti je treba, da ne pride do prekomernega pritiska. V tem primeru uporabite priro\u010den ventil za sprostitev tlaka, ki se nahaja na vrhu steklenice. Ko pritisnete spro\u017eilec pr\u0161ila, se teko\u010dina v steklenici potisne navzgor skozi dovodno cev in ven skozi \u0161obo na koncu pr\u0161ilne sulice. Ko imate opravka z ve\u010djimi rasto\u010dimi povr\u0161inami, vam sploh ni treba dr\u017eati spro\u017eilca \u2013 samo potisnite modri pokrov spro\u017eilca in ostal bo zaklenjen na mestu, kar vam bo omogo\u010dilo, da po\u0161kropite kolikor \u017eelite (in va\u0161ih rastlin), ne da bi se sploh premaknili prst! Za no\u0161enje razpr\u0161ilnika uporabite prilo\u017een trak in tridesetminutno opravilo lahko spremenite v petminutno.<\/p>\n<h3>KAKO UPORABLJATI PLASTENKO S PR\u0160ILKOM AQUAKING PUMP ACTION<\/h3>\n<p>Plastenko napolnite do \u010drte za polnjenje s teko\u010dino, s katero \u017eelite pr\u0161iti, in dobro privijte pokrov. Ve\u010dkrat dvignite in potisnite bat navzdol, da ustvarite pritisk v steklenici. Ne ustvarjajte pretiranega pritiska; v tem primeru uporabite ventil za sprostitev tlaka. Prilagodite \u0161obo za vrsto \u0161kropiva, ki ga \u017eelite, usmerite \u0161kropilno cev proti rastlinam in pritisnite spro\u017eilec pr\u0161ila na ro\u010daju. Priporo\u010dljivo je, da rastline \u0161kropite samo, ko so lu\u010di ugasnjene. Ne dovolite, da pr\u0161ilo pride v stik z va\u0161o rastno svetilko ali elektri\u010dnimi vti\u010dnicami\/napravami. \u010ce pr\u0161ite \u0161kodljive izdelke, je morda pametno, da med nana\u0161anjem pr\u0161ila nosite za\u0161\u010ditno obleko, za\u0161\u010dito za o\u010di in masko. Stekleni\u010dko po uporabi vedno o\u010distite, da se izognete kopi\u010denju in usedlinam v nastavku ter da \u010dim bolj podalj\u0161ate \u017eivljenjsko dobo plastenke z razpr\u0161ilom.<\/p>\n<p><a href=\"https:\/\/magic-farm.eu\/sl\/izdelek\/biotaps-boom-boom-spray\/\">Biotabs \u2013 Boom Boom Spray &#8211; Magic Farm (magic-farm.eu)<\/a><\/p>","protected":false},"excerpt":{"rendered":"<p>The Aquaking takes the hassle out of applying foliar feeds and pest\/disease control products to your plants.<\/p>","protected":false},"featured_media":1931,"template":"","meta":{"_monsterinsights_skip_tracking":false,"_monsterinsights_sitenote_active":false,"_monsterinsights_sitenote_note":"","_monsterinsights_sitenote_category":0,"_uf_show_specific_survey":0,"_uf_disable_surveys":false},"product_brand":[],"product_cat":[80,83],"product_tag":[292,236],"class_list":{"0":"post-1923","1":"product","2":"type-product","3":"status-publish","4":"has-post-thumbnail","6":"product_cat-accessories","7":"product_cat-other","8":"product_tag-aquaking","9":"product_tag-foliar","11":"first","12":"instock","13":"taxable","14":"shipping-taxable","15":"purchasable","16":"product-type-variable"},"_links":{"self":[{"href":"https:\/\/magic-farm.eu\/sl\/wp-json\/wp\/v2\/product\/1923","targetHints":{"allow":["GET"]}}],"collection":[{"href":"https:\/\/magic-farm.eu\/sl\/wp-json\/wp\/v2\/product"}],"about":[{"href":"https:\/\/magic-farm.eu\/sl\/wp-json\/wp\/v2\/types\/product"}],"wp:featuredmedia":[{"embeddable":true,"href":"https:\/\/magic-farm.eu\/sl\/wp-json\/wp\/v2\/media\/1931"}],"wp:attachment":[{"href":"https:\/\/magic-farm.eu\/sl\/wp-json\/wp\/v2\/media?parent=1923"}],"wp:term":[{"taxonomy":"product_brand","embeddable":true,"href":"https:\/\/magic-farm.eu\/sl\/wp-json\/wp\/v2\/product_brand?post=1923"},{"taxonomy":"product_cat","embeddable":true,"href":"https:\/\/magic-farm.eu\/sl\/wp-json\/wp\/v2\/product_cat?post=1923"},{"taxonomy":"product_tag","embeddable":true,"href":"https:\/\/magic-farm.eu\/sl\/wp-json\/wp\/v2\/product_tag?post=1923"}],"curies":[{"name":"wp","href":"https:\/\/api.w.org\/{rel}","templated":true}]}}