{"id":1933,"date":"2023-07-12T13:23:10","date_gmt":"2023-07-12T13:23:10","guid":{"rendered":"https:\/\/magic-farm.eu\/?post_type=product&#038;p=1933"},"modified":"2023-09-05T10:45:08","modified_gmt":"2023-09-05T08:45:08","slug":"measuring-jug","status":"publish","type":"product","link":"https:\/\/magic-farm.eu\/sl\/izdelek\/measuring-jug\/","title":{"rendered":"Vr\u010d za merjenje"},"content":{"rendered":"<p>Graduated measuring jug are instruments for measuring and dosing nutrients and pesticides.<\/p>\n<p>\u010ce je merilna prostornina manj\u0161a od 1 litra, se imenujejo merilne skodelice. \u010ce je koli\u010dina gnojil ali pesticidov ve\u010dja od 1 litra, se uporabi ustrezen merilni vr\u010d.<\/p>\n<p>Vr\u010d se uporablja za udobno in ustrezno zalivanje rastlin, saj vemo, da je za pravilen pridelek in prepre\u010ditev prezalitosti rastlin potrebno kratko in stalno namakanje.<\/p>\n<p><a href=\"https:\/\/magic-farm.eu\/sl\/kategorija-izdelka\/shop\/accessories\/other\/\">Other &#8211; Magic Farm (magic-farm.eu)<\/a><\/p>","protected":false},"excerpt":{"rendered":"<p>Vr\u010d se uporablja za udobno in ustrezno zalivanje rastlin, saj vemo, da je za pravilen pridelek in prepre\u010ditev prezalitosti rastlin potrebno kratko in stalno namakanje.<\/p>","protected":false},"featured_media":1938,"template":"","meta":{"_monsterinsights_skip_tracking":false,"_monsterinsights_sitenote_active":false,"_monsterinsights_sitenote_note":"","_monsterinsights_sitenote_category":0,"_uf_show_specific_survey":0,"_uf_disable_surveys":false},"product_brand":[],"product_cat":[80,83],"product_tag":[299],"class_list":{"0":"post-1933","1":"product","2":"type-product","3":"status-publish","4":"has-post-thumbnail","6":"product_cat-accessories","7":"product_cat-other","8":"product_tag-measuring-jug","10":"first","11":"instock","12":"taxable","13":"shipping-taxable","14":"purchasable","15":"product-type-variable"},"_links":{"self":[{"href":"https:\/\/magic-farm.eu\/sl\/wp-json\/wp\/v2\/product\/1933","targetHints":{"allow":["GET"]}}],"collection":[{"href":"https:\/\/magic-farm.eu\/sl\/wp-json\/wp\/v2\/product"}],"about":[{"href":"https:\/\/magic-farm.eu\/sl\/wp-json\/wp\/v2\/types\/product"}],"wp:featuredmedia":[{"embeddable":true,"href":"https:\/\/magic-farm.eu\/sl\/wp-json\/wp\/v2\/media\/1938"}],"wp:attachment":[{"href":"https:\/\/magic-farm.eu\/sl\/wp-json\/wp\/v2\/media?parent=1933"}],"wp:term":[{"taxonomy":"product_brand","embeddable":true,"href":"https:\/\/magic-farm.eu\/sl\/wp-json\/wp\/v2\/product_brand?post=1933"},{"taxonomy":"product_cat","embeddable":true,"href":"https:\/\/magic-farm.eu\/sl\/wp-json\/wp\/v2\/product_cat?post=1933"},{"taxonomy":"product_tag","embeddable":true,"href":"https:\/\/magic-farm.eu\/sl\/wp-json\/wp\/v2\/product_tag?post=1933"}],"curies":[{"name":"wp","href":"https:\/\/api.w.org\/{rel}","templated":true}]}}