{"id":2098,"date":"2023-07-15T07:14:50","date_gmt":"2023-07-15T07:14:50","guid":{"rendered":"https:\/\/magic-farm.eu\/?post_type=product&#038;p=2098"},"modified":"2024-12-02T12:27:41","modified_gmt":"2024-12-02T10:27:41","slug":"biobizz-light-mix-2","status":"publish","type":"product","link":"https:\/\/magic-farm.eu\/sl\/izdelek\/biobizz-light-mix-2\/","title":{"rendered":"Biobizz Light-mix"},"content":{"rendered":"<h3>WHAT IS LIGHT-MIX?<\/h3>\n<p>\u010cE \u017dELITE VE\u010c NADZORA, LIGHT\u00b7MIX ZAGOTAVLJA IDEALNO TEMELJ ZA SPODBUJANJE BUDNE RASTI SADIK, MLADIH RASTLIN IN POTAKENCEV \u2013 \u017dE OD ZA\u010cETKA.<\/p>\n<p>POGNE VITALNO MIKRO AKTIVNOST, KO VODA SODELUJE Z ZEMLJO, PROIZVAJA ORGANSKE KATALIZATORJE, KI HITRO RAZVIJAJO KORENINSKE STRUKTURE. LIGHT\u00b7MIX\u00ae JE BIL TUDI POSEBEJ ZME\u0160AN, DA ZAGOTAVLJA OPTIMALNO DRENA\u017dO PO VSEBIH DELIH \u2013 OBMEMBNA LASTNOST, \u010cE UPORABLJATE AVTOMATSKE NAMAKALNE SISTEME.<\/p>\n<h3>KAKO GA UPORABLJATI?<\/h3>\n<p>Ve\u010dje koli\u010dine tega gnojila lahko nanesete na katero koli vrsto rastline, tudi na te\u017eke krmne rastline, ne da bi pri tem tvegali preobremenitev tal in povzro\u010dili o\u017eig hranil \u2013 na kar ka\u017eejo porumenelost in hrustljavi, o\u017egani konici na listih. Pri samodejnem zalivanju je pomembno, da voda pravilno prodre v substrat, sicer lahko ta postane premokra in povzro\u010di nastanek plesni.<\/p>\n<h3>VREDNOSTI PH IN EC<\/h3>\n<p>Izdelki Biobizz\u00ae vsebujejo le naravne organske elemente namesto mineralnih soli, kot so magnezij ali sulfati, ki jih lahko najdete v sinteti\u010dnih gnojilih. To daje Light\u00b7Mix\u00ae srednjo vrednost elektri\u010dne prevodnosti (EC). In \u010deprav je njegove organske elemente nemogo\u010de izmeriti, imajo samoregulacijski sistem, ki pomaga vzdr\u017eevati pH vrednosti na pravilni ravni.<\/p>\n<p><a href=\"https:\/\/magic-farm.eu\/sl\/kategorija-izdelka\/shop\/substrates\/dirt\/\">Dirt &#8211; Magic Farm (magic-farm.eu)<\/a><\/p>","protected":false},"excerpt":{"rendered":"<p>IF YOU WANT MORE CONTROL, LIGHT-MIX PROVIDES THE IDEAL FOUNDATION FOR ENCOURAGING VIGOROUS GROWTH.<\/p>","protected":false},"featured_media":2099,"template":"","meta":{"_monsterinsights_skip_tracking":false,"_monsterinsights_sitenote_active":false,"_monsterinsights_sitenote_note":"","_monsterinsights_sitenote_category":0,"_uf_show_specific_survey":0,"_uf_disable_surveys":false},"product_brand":[],"product_cat":[48,47],"product_tag":[371,372,255],"class_list":{"0":"post-2098","1":"product","2":"type-product","3":"status-publish","4":"has-post-thumbnail","6":"product_cat-dirt","7":"product_cat-substrates","8":"product_tag-biobzz","9":"product_tag-light-mix","10":"product_tag-soil","11":"product_shipping_class-up-to-20kg","13":"first","14":"instock","15":"taxable","16":"shipping-taxable","17":"purchasable","18":"product-type-simple"},"_links":{"self":[{"href":"https:\/\/magic-farm.eu\/sl\/wp-json\/wp\/v2\/product\/2098","targetHints":{"allow":["GET"]}}],"collection":[{"href":"https:\/\/magic-farm.eu\/sl\/wp-json\/wp\/v2\/product"}],"about":[{"href":"https:\/\/magic-farm.eu\/sl\/wp-json\/wp\/v2\/types\/product"}],"wp:featuredmedia":[{"embeddable":true,"href":"https:\/\/magic-farm.eu\/sl\/wp-json\/wp\/v2\/media\/2099"}],"wp:attachment":[{"href":"https:\/\/magic-farm.eu\/sl\/wp-json\/wp\/v2\/media?parent=2098"}],"wp:term":[{"taxonomy":"product_brand","embeddable":true,"href":"https:\/\/magic-farm.eu\/sl\/wp-json\/wp\/v2\/product_brand?post=2098"},{"taxonomy":"product_cat","embeddable":true,"href":"https:\/\/magic-farm.eu\/sl\/wp-json\/wp\/v2\/product_cat?post=2098"},{"taxonomy":"product_tag","embeddable":true,"href":"https:\/\/magic-farm.eu\/sl\/wp-json\/wp\/v2\/product_tag?post=2098"}],"curies":[{"name":"wp","href":"https:\/\/api.w.org\/{rel}","templated":true}]}}