{"id":2596,"date":"2023-07-26T08:00:28","date_gmt":"2023-07-26T08:00:28","guid":{"rendered":"https:\/\/magic-farm.eu\/?post_type=product&#038;p=2596"},"modified":"2023-10-24T15:38:08","modified_gmt":"2023-10-24T13:38:08","slug":"rockwool-cube-75x75x65cm","status":"publish","type":"product","link":"https:\/\/magic-farm.eu\/sl\/izdelek\/rockwool-cube-75x75x65cm\/","title":{"rendered":"Grodan Rockwool cube 7,5x,7,5&#215;6,5cm, 42mm hole diameter"},"content":{"rendered":"<p>Sadilni blok iz kamene volne je podpora za kalitev semen in ukoreninjenje sadik in potaknjencev.<\/p>\n<p>Sadilni bloki iz kamene volne se uporabljajo kot podpore pri hidroponskem gojenju, saj so zaradi svoje mineralne sestave inertni, zaradi \u010desar so \u010dist in varen podporni sistem.<\/p>\n<p>Za dobro uporabo sadilnih blokov iz kamene volne vam svetujemo, da jih 24 ur pred uporabo namo\u010dite v vodi s pH (5,2 ali 5,3), da zni\u017eate visoko raven pH, s katero so izdelani.<\/p>\n<p>Uporablja se tako za kalitev kot tudi za presajanje golokoreninskih rastlin.<\/p>\n<p>This type of plugs have a central hole.<\/p>\n<p>Te luknje v \u010depkih iz kamene volne lahko med presajanjem sprejmejo \u010depke iz kamene volne 77 celi\u010dnih pladnjev.<\/p>\n<h3>SPECIFIKACIJE<\/h3>\n<ul>\n<li>Prevodnost &lt;0,5dS\/m in pH 5\u00d75-7.<\/li>\n<li>Vsebuje: kameno volno.<\/li>\n<\/ul>\n<p><a href=\"https:\/\/magic-farm.eu\/sl\/kategorija-izdelka\/shop\/substrates\/rock-wool\/\">https:\/\/magic-farm.eu\/sl\/kategorija-izdelka\/shop\/substrates\/rock-wool\/<\/a><\/p>","protected":false},"excerpt":{"rendered":"<p>Sadilni blok iz kamene volne je podpora za kalitev semen in ukoreninjenje sadik in potaknjencev.<\/p>","protected":false},"featured_media":2597,"template":"","meta":{"_monsterinsights_skip_tracking":false,"_monsterinsights_sitenote_active":false,"_monsterinsights_sitenote_note":"","_monsterinsights_sitenote_category":0,"_uf_show_specific_survey":0,"_uf_disable_surveys":false},"product_brand":[],"product_cat":[51,47],"product_tag":[479],"class_list":{"0":"post-2596","1":"product","2":"type-product","3":"status-publish","4":"has-post-thumbnail","6":"product_cat-rock-wool","7":"product_cat-substrates","8":"product_tag-rockwool","9":"product_shipping_class-up-to-2kg","11":"first","12":"instock","13":"taxable","14":"shipping-taxable","15":"purchasable","16":"product-type-simple"},"_links":{"self":[{"href":"https:\/\/magic-farm.eu\/sl\/wp-json\/wp\/v2\/product\/2596","targetHints":{"allow":["GET"]}}],"collection":[{"href":"https:\/\/magic-farm.eu\/sl\/wp-json\/wp\/v2\/product"}],"about":[{"href":"https:\/\/magic-farm.eu\/sl\/wp-json\/wp\/v2\/types\/product"}],"wp:featuredmedia":[{"embeddable":true,"href":"https:\/\/magic-farm.eu\/sl\/wp-json\/wp\/v2\/media\/2597"}],"wp:attachment":[{"href":"https:\/\/magic-farm.eu\/sl\/wp-json\/wp\/v2\/media?parent=2596"}],"wp:term":[{"taxonomy":"product_brand","embeddable":true,"href":"https:\/\/magic-farm.eu\/sl\/wp-json\/wp\/v2\/product_brand?post=2596"},{"taxonomy":"product_cat","embeddable":true,"href":"https:\/\/magic-farm.eu\/sl\/wp-json\/wp\/v2\/product_cat?post=2596"},{"taxonomy":"product_tag","embeddable":true,"href":"https:\/\/magic-farm.eu\/sl\/wp-json\/wp\/v2\/product_tag?post=2596"}],"curies":[{"name":"wp","href":"https:\/\/api.w.org\/{rel}","templated":true}]}}