{"id":3865,"date":"2024-02-15T12:12:31","date_gmt":"2024-02-15T10:12:31","guid":{"rendered":"https:\/\/magic-farm.eu\/?post_type=product&#038;p=3865"},"modified":"2024-11-18T11:01:07","modified_gmt":"2024-11-18T09:01:07","slug":"acrylic-grinder-black-leaf","status":"publish","type":"product","link":"https:\/\/magic-farm.eu\/sl\/izdelek\/acrylic-grinder-black-leaf\/","title":{"rendered":"Akrilni mlin\u010dek Black Leaf"},"content":{"rendered":"<h1>Akrilni mlin\u010dek Black Leaf<\/h1>\n<p class=\"translation-block\"><strong>Black Leaf\u00ae<\/strong>\u00a0mlin\u010dek za zeli\u0161\u010da iz akrila s piramidastimi zobmi, magnetnim pokrovom in predalom za shranjevanje.<\/p>","protected":false},"excerpt":{"rendered":"<p class=\"translation-block\"><strong>Black Leaf\u00ae<\/strong>\u00a0mlin\u010dek za zeli\u0161\u010da iz akrila s piramidastimi zobmi, magnetnim pokrovom in predalom za shranjevanje.<\/p>","protected":false},"featured_media":3867,"template":"","meta":{"_monsterinsights_skip_tracking":false,"_monsterinsights_sitenote_active":false,"_monsterinsights_sitenote_note":"","_monsterinsights_sitenote_category":0,"_uf_show_specific_survey":0,"_uf_disable_surveys":false},"product_brand":[],"product_cat":[86,84,220],"product_tag":[],"class_list":{"0":"post-3865","1":"product","2":"type-product","3":"status-publish","4":"has-post-thumbnail","6":"product_cat-grinders","7":"product_cat-headshop","8":"product_cat-shop","9":"product_shipping_class-up-to-2kg","11":"first","12":"instock","13":"taxable","14":"shipping-taxable","15":"purchasable","16":"product-type-simple"},"_links":{"self":[{"href":"https:\/\/magic-farm.eu\/sl\/wp-json\/wp\/v2\/product\/3865","targetHints":{"allow":["GET"]}}],"collection":[{"href":"https:\/\/magic-farm.eu\/sl\/wp-json\/wp\/v2\/product"}],"about":[{"href":"https:\/\/magic-farm.eu\/sl\/wp-json\/wp\/v2\/types\/product"}],"wp:featuredmedia":[{"embeddable":true,"href":"https:\/\/magic-farm.eu\/sl\/wp-json\/wp\/v2\/media\/3867"}],"wp:attachment":[{"href":"https:\/\/magic-farm.eu\/sl\/wp-json\/wp\/v2\/media?parent=3865"}],"wp:term":[{"taxonomy":"product_brand","embeddable":true,"href":"https:\/\/magic-farm.eu\/sl\/wp-json\/wp\/v2\/product_brand?post=3865"},{"taxonomy":"product_cat","embeddable":true,"href":"https:\/\/magic-farm.eu\/sl\/wp-json\/wp\/v2\/product_cat?post=3865"},{"taxonomy":"product_tag","embeddable":true,"href":"https:\/\/magic-farm.eu\/sl\/wp-json\/wp\/v2\/product_tag?post=3865"}],"curies":[{"name":"wp","href":"https:\/\/api.w.org\/{rel}","templated":true}]}}