{"id":3966,"date":"2024-02-26T11:25:07","date_gmt":"2024-02-26T09:25:07","guid":{"rendered":"https:\/\/magic-farm.eu\/?post_type=product&#038;p=3966"},"modified":"2024-02-26T11:25:07","modified_gmt":"2024-02-26T09:25:07","slug":"bl-t-press-stainless-steel-pollen-press-m","status":"publish","type":"product","link":"https:\/\/magic-farm.eu\/sl\/izdelek\/bl-t-press-stainless-steel-pollen-press-m\/","title":{"rendered":"T pre\u0161a Black Leaf Srednja"},"content":{"rendered":"<h1>T pre\u0161a Black Leaf Srednja<\/h1>\n<p class=\"translation-block\">4-delni \u2018T-Press\u2019 proizvajalca <strong>Black Leaf\u00ae<\/strong> je izdelan iz najbolj\u0161ega nerjave\u010dega jekla in enostaven za uporabo. \u2018T-Press\u2019 z mo\u010djo navoja stiska okusne ko\u0161\u010dke cvetnega prahu. Dodatni valj iz nerjave\u010dega jekla pove\u010da u\u010dinek pritiska. Cvetni prah preprosto napolnite v stiskalnico, postavite valj na vrh, obrnite stiskalnico in nato z vrtenjem ro\u010daja stisnite cvetni prah do \u017eelene gostote. Mimogrede, stopnja gostote dolo\u010da \u010das zgorevanja kosa, ko se kadi!<\/p>\n<p>Postopek stiskanja uporablja toploto in pritisk za stiskanje cvetnega prahu. Preostala vlaga v rastlinskem materialu se popolnoma odstrani. \u2018T-Press\u2019 je mogo\u010de razstaviti na posamezne dele in o\u010distiti v pomivalnem stroju.<\/p>\n<p>&nbsp;<\/p>","protected":false},"excerpt":{"rendered":"<p class=\"translation-block\">4-delni \u2018T-Press\u2019 proizvajalca <strong>Black Leaf\u00ae<\/strong> je izdelan iz najbolj\u0161ega nerjave\u010dega jekla in enostaven za uporabo. \u2018T-Press\u2019 z mo\u010djo navoja stiska okusne ko\u0161\u010dke cvetnega prahu.<\/p>","protected":false},"featured_media":3968,"template":"","meta":{"_monsterinsights_skip_tracking":false,"_monsterinsights_sitenote_active":false,"_monsterinsights_sitenote_note":"","_monsterinsights_sitenote_category":0,"_uf_show_specific_survey":0,"_uf_disable_surveys":false},"product_brand":[],"product_cat":[684,84,83,220],"product_tag":[],"class_list":{"0":"post-3966","1":"product","2":"type-product","3":"status-publish","4":"has-post-thumbnail","6":"product_cat-extraction","7":"product_cat-headshop","8":"product_cat-other","9":"product_cat-shop","10":"product_shipping_class-up-to-2kg","12":"first","13":"instock","14":"taxable","15":"shipping-taxable","16":"purchasable","17":"product-type-simple"},"_links":{"self":[{"href":"https:\/\/magic-farm.eu\/sl\/wp-json\/wp\/v2\/product\/3966","targetHints":{"allow":["GET"]}}],"collection":[{"href":"https:\/\/magic-farm.eu\/sl\/wp-json\/wp\/v2\/product"}],"about":[{"href":"https:\/\/magic-farm.eu\/sl\/wp-json\/wp\/v2\/types\/product"}],"wp:featuredmedia":[{"embeddable":true,"href":"https:\/\/magic-farm.eu\/sl\/wp-json\/wp\/v2\/media\/3968"}],"wp:attachment":[{"href":"https:\/\/magic-farm.eu\/sl\/wp-json\/wp\/v2\/media?parent=3966"}],"wp:term":[{"taxonomy":"product_brand","embeddable":true,"href":"https:\/\/magic-farm.eu\/sl\/wp-json\/wp\/v2\/product_brand?post=3966"},{"taxonomy":"product_cat","embeddable":true,"href":"https:\/\/magic-farm.eu\/sl\/wp-json\/wp\/v2\/product_cat?post=3966"},{"taxonomy":"product_tag","embeddable":true,"href":"https:\/\/magic-farm.eu\/sl\/wp-json\/wp\/v2\/product_tag?post=3966"}],"curies":[{"name":"wp","href":"https:\/\/api.w.org\/{rel}","templated":true}]}}