{"id":4028,"date":"2024-02-28T11:12:04","date_gmt":"2024-02-28T09:12:04","guid":{"rendered":"https:\/\/magic-farm.eu\/?post_type=product&#038;p=4028"},"modified":"2024-02-28T11:12:04","modified_gmt":"2024-02-28T09:12:04","slug":"humidificador-ultrasonic-3-membranas","status":"publish","type":"product","link":"https:\/\/magic-farm.eu\/sl\/izdelek\/humidificador-ultrasonic-3-membranas\/","title":{"rendered":"VLA\u017dILEC ULTRAZVO\u010cNI 3 MEMBRANE"},"content":{"rendered":"<h1>VLA\u017dILEC ULTRAZVO\u010cNI 3 MEMBRANE<\/h1>\n<p>V suhih prostorih ali v pregretih rastlinjakih je pogosto nizka relativna vla\u017enost. Raven relativne vla\u017enosti mora biti med 50 in 80 %, odvisno od vegetativnega stanja rastline (rast, cvetenje, potaknjenci itd.).<\/p>\n<p>&nbsp;<\/p>","protected":false},"excerpt":{"rendered":"<p>V suhih prostorih ali v pregretih rastlinjakih je pogosto nizka relativna vla\u017enost.<\/p>","protected":false},"featured_media":4029,"template":"","meta":{"_monsterinsights_skip_tracking":false,"_monsterinsights_sitenote_active":false,"_monsterinsights_sitenote_note":"","_monsterinsights_sitenote_category":0,"_uf_show_specific_survey":0,"_uf_disable_surveys":false},"product_brand":[],"product_cat":[61,220],"product_tag":[],"class_list":{"0":"post-4028","1":"product","2":"type-product","3":"status-publish","4":"has-post-thumbnail","6":"product_cat-humidifiers","7":"product_cat-shop","9":"first","10":"instock","11":"taxable","12":"shipping-taxable","13":"purchasable","14":"product-type-simple"},"_links":{"self":[{"href":"https:\/\/magic-farm.eu\/sl\/wp-json\/wp\/v2\/product\/4028","targetHints":{"allow":["GET"]}}],"collection":[{"href":"https:\/\/magic-farm.eu\/sl\/wp-json\/wp\/v2\/product"}],"about":[{"href":"https:\/\/magic-farm.eu\/sl\/wp-json\/wp\/v2\/types\/product"}],"wp:featuredmedia":[{"embeddable":true,"href":"https:\/\/magic-farm.eu\/sl\/wp-json\/wp\/v2\/media\/4029"}],"wp:attachment":[{"href":"https:\/\/magic-farm.eu\/sl\/wp-json\/wp\/v2\/media?parent=4028"}],"wp:term":[{"taxonomy":"product_brand","embeddable":true,"href":"https:\/\/magic-farm.eu\/sl\/wp-json\/wp\/v2\/product_brand?post=4028"},{"taxonomy":"product_cat","embeddable":true,"href":"https:\/\/magic-farm.eu\/sl\/wp-json\/wp\/v2\/product_cat?post=4028"},{"taxonomy":"product_tag","embeddable":true,"href":"https:\/\/magic-farm.eu\/sl\/wp-json\/wp\/v2\/product_tag?post=4028"}],"curies":[{"name":"wp","href":"https:\/\/api.w.org\/{rel}","templated":true}]}}