{"id":4040,"date":"2024-02-28T12:05:57","date_gmt":"2024-02-28T10:05:57","guid":{"rendered":"https:\/\/magic-farm.eu\/?post_type=product&#038;p=4040"},"modified":"2024-12-16T13:17:44","modified_gmt":"2024-12-16T11:17:44","slug":"easyplug-kocke-77x","status":"publish","type":"product","link":"https:\/\/magic-farm.eu\/sl\/izdelek\/easyplug-kocke-77x\/","title":{"rendered":"Easyplug rooting plugs \/ cubes 77x"},"content":{"rendered":"<h3>Easyplug rooting plugs \/ cubes 77X<\/h3>\n<p>\u010cepki za ukoreninjenje Eazy Plug imajo s svojimi organskimi materiali in na\u0161im posebnim na\u010dinom lepljenja vnaprej dolo\u010deno vrednost pH in EC ter fiksno razmerje med zrakom in vodo. Eazy Plug je zelo enostaven za uporabo. Prepri\u010dajte se le, da lahko \u010dep vedno odvaja odve\u010dno vodo in da je ne morete preve\u010d zaliti. Ker so rastni pogoji vedno optimalni, Eazy Plug ustvari zelo hitro in mo\u010dno ukoreninjenje in kalitev.<\/p>","protected":false},"excerpt":{"rendered":"<p>\u010cepki za ukoreninjenje Eazy Plug imajo s svojimi organskimi materiali in na\u0161im posebnim na\u010dinom lepljenja vnaprej dolo\u010deno vrednost pH in EC ter fiksno razmerje med zrakom in vodo.<\/p>","protected":false},"featured_media":4041,"template":"","meta":{"_monsterinsights_skip_tracking":false,"_monsterinsights_sitenote_active":false,"_monsterinsights_sitenote_note":"","_monsterinsights_sitenote_category":0,"_uf_show_specific_survey":0,"_uf_disable_surveys":false},"product_brand":[],"product_cat":[49,48,220,47],"product_tag":[],"class_list":{"0":"post-4040","1":"product","2":"type-product","3":"status-publish","4":"has-post-thumbnail","6":"product_cat-coco","7":"product_cat-dirt","8":"product_cat-shop","9":"product_cat-substrates","10":"product_shipping_class-up-to-2kg","12":"first","13":"instock","14":"taxable","15":"shipping-taxable","16":"purchasable","17":"product-type-simple"},"_links":{"self":[{"href":"https:\/\/magic-farm.eu\/sl\/wp-json\/wp\/v2\/product\/4040","targetHints":{"allow":["GET"]}}],"collection":[{"href":"https:\/\/magic-farm.eu\/sl\/wp-json\/wp\/v2\/product"}],"about":[{"href":"https:\/\/magic-farm.eu\/sl\/wp-json\/wp\/v2\/types\/product"}],"wp:featuredmedia":[{"embeddable":true,"href":"https:\/\/magic-farm.eu\/sl\/wp-json\/wp\/v2\/media\/4041"}],"wp:attachment":[{"href":"https:\/\/magic-farm.eu\/sl\/wp-json\/wp\/v2\/media?parent=4040"}],"wp:term":[{"taxonomy":"product_brand","embeddable":true,"href":"https:\/\/magic-farm.eu\/sl\/wp-json\/wp\/v2\/product_brand?post=4040"},{"taxonomy":"product_cat","embeddable":true,"href":"https:\/\/magic-farm.eu\/sl\/wp-json\/wp\/v2\/product_cat?post=4040"},{"taxonomy":"product_tag","embeddable":true,"href":"https:\/\/magic-farm.eu\/sl\/wp-json\/wp\/v2\/product_tag?post=4040"}],"curies":[{"name":"wp","href":"https:\/\/api.w.org\/{rel}","templated":true}]}}