{"id":4204,"date":"2024-04-12T16:51:18","date_gmt":"2024-04-12T14:51:18","guid":{"rendered":"https:\/\/magic-farm.eu\/?post_type=product&#038;p=4204"},"modified":"2024-04-12T16:51:18","modified_gmt":"2024-04-12T14:51:18","slug":"kamikaze-gardening-kit","status":"publish","type":"product","link":"https:\/\/magic-farm.eu\/sl\/izdelek\/kamikaze-gardening-kit\/","title":{"rendered":"KAMIKAZE VRTNI SET"},"content":{"rendered":"<h1>KAMIKAZE VRTNI SET<\/h1>\n<p>Ta prakti\u010den komplet vrtnega orodja je namenjen va\u0161emu vrtnarskemu u\u017eitku. Lahek, \u010dvrst in enostaven za \u010di\u0161\u010denje.<\/p>","protected":false},"excerpt":{"rendered":"<p>Ta prakti\u010den komplet vrtnega orodja je namenjen va\u0161emu vrtnarskemu u\u017eitku. Lahek, \u010dvrst in enostaven za \u010di\u0161\u010denje.<\/p>","protected":false},"featured_media":4205,"template":"","meta":{"_monsterinsights_skip_tracking":false,"_monsterinsights_sitenote_active":false,"_monsterinsights_sitenote_note":"","_monsterinsights_sitenote_category":0,"_uf_show_specific_survey":0,"_uf_disable_surveys":false},"product_brand":[],"product_cat":[80,83,81,220],"product_tag":[],"class_list":{"0":"post-4204","1":"product","2":"type-product","3":"status-publish","4":"has-post-thumbnail","6":"product_cat-accessories","7":"product_cat-other","8":"product_cat-scissors","9":"product_cat-shop","10":"product_shipping_class-up-to-2kg","12":"first","13":"instock","14":"taxable","15":"shipping-taxable","16":"purchasable","17":"product-type-simple"},"_links":{"self":[{"href":"https:\/\/magic-farm.eu\/sl\/wp-json\/wp\/v2\/product\/4204","targetHints":{"allow":["GET"]}}],"collection":[{"href":"https:\/\/magic-farm.eu\/sl\/wp-json\/wp\/v2\/product"}],"about":[{"href":"https:\/\/magic-farm.eu\/sl\/wp-json\/wp\/v2\/types\/product"}],"wp:featuredmedia":[{"embeddable":true,"href":"https:\/\/magic-farm.eu\/sl\/wp-json\/wp\/v2\/media\/4205"}],"wp:attachment":[{"href":"https:\/\/magic-farm.eu\/sl\/wp-json\/wp\/v2\/media?parent=4204"}],"wp:term":[{"taxonomy":"product_brand","embeddable":true,"href":"https:\/\/magic-farm.eu\/sl\/wp-json\/wp\/v2\/product_brand?post=4204"},{"taxonomy":"product_cat","embeddable":true,"href":"https:\/\/magic-farm.eu\/sl\/wp-json\/wp\/v2\/product_cat?post=4204"},{"taxonomy":"product_tag","embeddable":true,"href":"https:\/\/magic-farm.eu\/sl\/wp-json\/wp\/v2\/product_tag?post=4204"}],"curies":[{"name":"wp","href":"https:\/\/api.w.org\/{rel}","templated":true}]}}