{"id":4215,"date":"2024-04-12T17:36:15","date_gmt":"2024-04-12T15:36:15","guid":{"rendered":"https:\/\/magic-farm.eu\/?post_type=product&#038;p=4215"},"modified":"2024-04-12T17:36:15","modified_gmt":"2024-04-12T15:36:15","slug":"hy-water-chiller-1000-teco","status":"publish","type":"product","link":"https:\/\/magic-farm.eu\/sl\/izdelek\/hy-water-chiller-1000-teco\/","title":{"rendered":"HLADILNIK VODE HY 1000 TECO"},"content":{"rendered":"<h1>HLADILNIK VODE HY 1000 TECO<\/h1>\n<p>Hidroponika je metoda gojenja rastlin brez zemlje z uporabo raztopin mineralnih hranil v vodnem topilu. \u010ceprav je koncept hidroponike prisoten \u017ee tiso\u010dletja, je zdaj dele\u017een velike pozornosti, saj ob ustreznih pogojih hidroponika omogo\u010da ve\u010dje, hitrej\u0161e in bolj zdrave rezultate kot katera koli druga metoda gojenja, saj nudi pomembne koristi okolju.<\/p>\n<p>V hidroponiki je nadzor temperature vode izjemno pomemben. Korenine rastlin za rast potrebujejo velik pretok kisika, voda pa lahko zadr\u017ei ve\u010d kisika pri ni\u017ejih temperaturah. Ko voda prese\u017ee 25 \u00b0C, korenine ne morejo ve\u010d u\u010dinkovito delovati, kar povzro\u010di venenje in razvoj napadov hro\u0161\u010dev, gliv in bolezni.<\/p>\n<p>V ve\u010dini hidroponskih sistemov mora biti idealna temperatura vode med 18 \u00b0C in 22 \u00b0C, da se zagotovi najve\u010dja u\u010dinkovitost in za\u0161\u010dita pred patogeni. Vendar pa lahko v zaprtih prostorih za gojenje postane okolje zelo toplo zaradi umetne lu\u010di, grelnikov ali slabega prezra\u010devanja, zlasti v vro\u010dem obdobju, kar vodi do zgoraj omenjenih te\u017eav.<\/p>\n<p>Zato je vodilni TECO SRL na podro\u010dju hlajenja razvil celotno paleto zanesljivih in u\u010dinkovitih orodij za ohranjanje hranilne raztopine in vode va\u0161ega hidroponi\u010dnega sistema na popolni temperaturi.<\/p>\n<p>Od zasnove do proizvodnje so bili na\u0161i hidroponi\u010dni hladilniki izdelani v Italiji zasnovani z namenom zagotavljanja visoke ravni kakovosti za pridelovalca v smislu uporabljenih visokokakovostnih materialov in izbire komponent, s posebnim poudarkom na porabi in okoljskih vpra\u0161anjih. .<\/p>","protected":false},"excerpt":{"rendered":"<p>Hidroponika je metoda gojenja rastlin brez zemlje z uporabo raztopin mineralnih hranil v vodnem topilu. \u010ceprav je koncept hidroponike prisoten \u017ee tiso\u010dletja, je zdaj dele\u017een velike pozornosti, saj ob ustreznih pogojih hidroponika omogo\u010da ve\u010dje, hitrej\u0161e in bolj zdrave rezultate kot katera koli druga metoda gojenja, saj nudi pomembne koristi okolju.<\/p>","protected":false},"featured_media":4216,"template":"","meta":{"_monsterinsights_skip_tracking":false,"_monsterinsights_sitenote_active":false,"_monsterinsights_sitenote_note":"","_monsterinsights_sitenote_category":0,"_uf_show_specific_survey":0,"_uf_disable_surveys":false},"product_brand":[],"product_cat":[74,73,83,220],"product_tag":[],"class_list":{"0":"post-4215","1":"product","2":"type-product","3":"status-publish","4":"has-post-thumbnail","6":"product_cat-hydroponic-sets","7":"product_cat-hydroponics","8":"product_cat-other","9":"product_cat-shop","10":"product_shipping_class-up-to-25kg","12":"first","13":"instock","14":"taxable","15":"shipping-taxable","16":"purchasable","17":"product-type-simple"},"_links":{"self":[{"href":"https:\/\/magic-farm.eu\/sl\/wp-json\/wp\/v2\/product\/4215","targetHints":{"allow":["GET"]}}],"collection":[{"href":"https:\/\/magic-farm.eu\/sl\/wp-json\/wp\/v2\/product"}],"about":[{"href":"https:\/\/magic-farm.eu\/sl\/wp-json\/wp\/v2\/types\/product"}],"wp:featuredmedia":[{"embeddable":true,"href":"https:\/\/magic-farm.eu\/sl\/wp-json\/wp\/v2\/media\/4216"}],"wp:attachment":[{"href":"https:\/\/magic-farm.eu\/sl\/wp-json\/wp\/v2\/media?parent=4215"}],"wp:term":[{"taxonomy":"product_brand","embeddable":true,"href":"https:\/\/magic-farm.eu\/sl\/wp-json\/wp\/v2\/product_brand?post=4215"},{"taxonomy":"product_cat","embeddable":true,"href":"https:\/\/magic-farm.eu\/sl\/wp-json\/wp\/v2\/product_cat?post=4215"},{"taxonomy":"product_tag","embeddable":true,"href":"https:\/\/magic-farm.eu\/sl\/wp-json\/wp\/v2\/product_tag?post=4215"}],"curies":[{"name":"wp","href":"https:\/\/api.w.org\/{rel}","templated":true}]}}