{"id":731,"date":"2023-03-17T14:45:18","date_gmt":"2023-03-17T14:45:18","guid":{"rendered":"https:\/\/magic-farm.eu\/?post_type=product&#038;p=731"},"modified":"2023-08-25T10:07:03","modified_gmt":"2023-08-25T08:07:03","slug":"biobizz-root-juice","status":"publish","type":"product","link":"https:\/\/magic-farm.eu\/sl\/izdelek\/biobizz-root-juice\/","title":{"rendered":"Biobizz &#8211; Root Juice"},"content":{"rendered":"<h3>WHAT IS ROOT JUICE\u2122<\/h3>\n<p>ROOT\u00b7JUICE\u2122, KI JE V CELOTI IZDELAN IZ RASTLINSKIH SESTAVIN IN ZASNOVAN ZA ORGANSKO VRTNARSTVO, ZDRU\u017dUJE DVE \u010cUDOVITI NARAVNI SNOVI: VRHUNSKO HUMINSKO KISLINO IN MORSKE ALGE. POSEBEJ JE FORMULIRAN ZA SPODBUJANJE \u017dIVAHNEGA RAZVOJA KORENIN IN IZBOLJ\u0160ANJE NARAVNEGA BIOLO\u0160KEGA \u017dIVLJENJA, KI OBDAJA IN PODPIRA KORENINSKI SISTEM VA\u0160E RASTLINE.<\/p>\n<p>ROOT\u00b7JUICE\u2122 \u017dE \u017dE NA ZA\u010cETKU POMAGA PRI ZA\u010cETNI KORENINSKI FAZI KOT TUDI PRI RASTI RASTLIN, KI SO SE \u017dE UKORENINILE. TAKO ZAGOTAVLJA, DA JE RASTLINA BOLJE PRIPRAVLJENA ZA HITREJ\u0160O ABSORBIJO HRANIL \u2013 POSLEDICA JE MO\u010cAN, ODPOREN PRIDEVEK IN ZAGOTOVLJENO DOBRO LETINO ZA VSE VZGOJITELJE RASTLIN.<\/p>\n<h3>KAKO GA UPORABLJATI?<\/h3>\n<p>Root Juice is ideal for adding to soil, peat and coco mixes, as well as providing guaranteed root protection with hydroponic or aeroponic systems. If you\u2019re using All\u00b7Mix or Light\u00b7Mix substrates, it\u2019s best to feed plants during the first week(s)with Root Juice as this is the crucial time period for healthy rooting. Biobizz recommend a dose of 1 to 4 ml of per 1 litre of water.<\/p>\n<p><a href=\"https:\/\/www.biobizz.com\/wp-content\/uploads\/2020\/03\/Nutrient-Schedule-EN-2020.pdf\">Nutrient-Schedule-EN-2020.pdf (biobizz.com)<\/a><\/p>\n<p><a href=\"https:\/\/magic-farm.eu\/sl\/izdelek\/biobizz-bio-heaven\/\">Biobizz \u2013 Bio Heaven &#8211; Magic Farm (magic-farm.eu)<\/a><\/p>","protected":false},"excerpt":{"rendered":"<h3>WHAT IS ROOT JUICE<\/h3>\n<p>MADE ENTIRELY FROM VEGETABLE INGREDIENTS AND DESIGNED FOR ORGANIC GARDENING, IT COMBINES TWO AMAZING NATURAL SUBSTANCES: HUMIC ACID AND SEAWEED.<\/p>","protected":false},"featured_media":2493,"template":"","meta":{"_monsterinsights_skip_tracking":false,"_monsterinsights_sitenote_active":false,"_monsterinsights_sitenote_note":"","_monsterinsights_sitenote_category":0,"_uf_show_specific_survey":0,"_uf_disable_surveys":false},"product_brand":[],"product_cat":[56,58],"product_tag":[],"class_list":{"0":"post-731","1":"product","2":"type-product","3":"status-publish","4":"has-post-thumbnail","6":"product_cat-nutrients-regulators","7":"product_cat-plant-nutrients","9":"first","10":"instock","11":"taxable","12":"shipping-taxable","13":"purchasable","14":"product-type-variable"},"_links":{"self":[{"href":"https:\/\/magic-farm.eu\/sl\/wp-json\/wp\/v2\/product\/731","targetHints":{"allow":["GET"]}}],"collection":[{"href":"https:\/\/magic-farm.eu\/sl\/wp-json\/wp\/v2\/product"}],"about":[{"href":"https:\/\/magic-farm.eu\/sl\/wp-json\/wp\/v2\/types\/product"}],"wp:featuredmedia":[{"embeddable":true,"href":"https:\/\/magic-farm.eu\/sl\/wp-json\/wp\/v2\/media\/2493"}],"wp:attachment":[{"href":"https:\/\/magic-farm.eu\/sl\/wp-json\/wp\/v2\/media?parent=731"}],"wp:term":[{"taxonomy":"product_brand","embeddable":true,"href":"https:\/\/magic-farm.eu\/sl\/wp-json\/wp\/v2\/product_brand?post=731"},{"taxonomy":"product_cat","embeddable":true,"href":"https:\/\/magic-farm.eu\/sl\/wp-json\/wp\/v2\/product_cat?post=731"},{"taxonomy":"product_tag","embeddable":true,"href":"https:\/\/magic-farm.eu\/sl\/wp-json\/wp\/v2\/product_tag?post=731"}],"curies":[{"name":"wp","href":"https:\/\/api.w.org\/{rel}","templated":true}]}}