{"id":764,"date":"2023-03-17T15:22:31","date_gmt":"2023-03-17T15:22:31","guid":{"rendered":"https:\/\/magic-farm.eu\/?post_type=product&#038;p=764"},"modified":"2023-08-28T17:14:08","modified_gmt":"2023-08-28T15:14:08","slug":"hesi-ph-up-plus-1-l","status":"publish","type":"product","link":"https:\/\/magic-farm.eu\/sl\/izdelek\/hesi-ph-up-plus-1-l\/","title":{"rendered":"Hesi &#8211; pH Up Plus 1 L"},"content":{"rendered":"<p>Hesi pH up 1lt increases the pH value in compost solutions for growing and flowering plants.<\/p>\n<p>Vrednost pH je bistvena pri raztopinah z gnojili<\/p>\n<p>Previsok pH ustvarja netopne me\u0161anice, prenizek pH pa po\u0161koduje korenine.<\/p>\n<p><a href=\"https:\/\/magic-farm.eu\/sl\/kategorija-izdelka\/shop\/nutrients-regulators\/ph-regulation\/\">PH regulation &#8211; Magic Farm (magic-farm.eu)<\/a><\/p>","protected":false},"excerpt":{"rendered":"<p>Hesi pH + Plus 1lt pove\u010da pH vrednost v raztopinah z gnojiliom za rasto\u010de in cveto\u010de rastline.<\/p>","protected":false},"featured_media":2486,"template":"","meta":{"_monsterinsights_skip_tracking":false,"_monsterinsights_sitenote_active":false,"_monsterinsights_sitenote_note":"","_monsterinsights_sitenote_category":0,"_uf_show_specific_survey":0,"_uf_disable_surveys":false},"product_brand":[],"product_cat":[56,57],"product_tag":[553,585],"class_list":{"0":"post-764","1":"product","2":"type-product","3":"status-publish","4":"has-post-thumbnail","6":"product_cat-nutrients-regulators","7":"product_cat-ph-regulation","8":"product_tag-hesi","9":"product_tag-ph-up","10":"product_shipping_class-up-to-2kg","12":"first","13":"instock","14":"taxable","15":"shipping-taxable","16":"purchasable","17":"product-type-simple"},"_links":{"self":[{"href":"https:\/\/magic-farm.eu\/sl\/wp-json\/wp\/v2\/product\/764","targetHints":{"allow":["GET"]}}],"collection":[{"href":"https:\/\/magic-farm.eu\/sl\/wp-json\/wp\/v2\/product"}],"about":[{"href":"https:\/\/magic-farm.eu\/sl\/wp-json\/wp\/v2\/types\/product"}],"wp:featuredmedia":[{"embeddable":true,"href":"https:\/\/magic-farm.eu\/sl\/wp-json\/wp\/v2\/media\/2486"}],"wp:attachment":[{"href":"https:\/\/magic-farm.eu\/sl\/wp-json\/wp\/v2\/media?parent=764"}],"wp:term":[{"taxonomy":"product_brand","embeddable":true,"href":"https:\/\/magic-farm.eu\/sl\/wp-json\/wp\/v2\/product_brand?post=764"},{"taxonomy":"product_cat","embeddable":true,"href":"https:\/\/magic-farm.eu\/sl\/wp-json\/wp\/v2\/product_cat?post=764"},{"taxonomy":"product_tag","embeddable":true,"href":"https:\/\/magic-farm.eu\/sl\/wp-json\/wp\/v2\/product_tag?post=764"}],"curies":[{"name":"wp","href":"https:\/\/api.w.org\/{rel}","templated":true}]}}